{"id":92,"date":"2023-06-28T09:07:58","date_gmt":"2023-06-28T09:07:58","guid":{"rendered":"https:\/\/jhmonityo.fi\/?page_id=92"},"modified":"2026-01-19T18:34:35","modified_gmt":"2026-01-19T18:34:35","slug":"yhteystiedot","status":"publish","type":"page","link":"https:\/\/teollisuus59.fi\/?page_id=92","title":{"rendered":"Yhteystiedot"},"content":{"rendered":"\n<h2 class=\"wp-block-heading has-text-align-center\" style=\"padding-top:var(--wp--preset--spacing--40);padding-right:var(--wp--preset--spacing--40);padding-bottom:var(--wp--preset--spacing--40);padding-left:var(--wp--preset--spacing--40)\">Yhteystiedot<\/h2>\n\n\n\n<div class=\"wp-block-columns is-layout-flex wp-container-core-columns-is-layout-28f84493 wp-block-columns-is-layout-flex\">\n<div class=\"wp-block-column is-layout-flow wp-block-column-is-layout-flow\">\n<h2 class=\"wp-block-heading\">Toimisto<\/h2>\n\n\n\n<p>Joensuun Seudun Teollisuusty\u00f6ntekij\u00e4t ry<\/p>\n\n\n\n<p>Torikatu 7 B 24<\/p>\n\n\n\n<p>80110 Joensuu<\/p>\n\n\n\n<p>Puh: 04578200694<\/p>\n<\/div>\n\n\n\n<div class=\"wp-block-column is-layout-flow wp-block-column-is-layout-flow\">\n<h2 class=\"wp-block-heading\">M\u00f6kki<\/h2>\n\n\n\n<p>Loma Koli<\/p>\n\n\n\n<p>Satamatie 10 A 2<\/p>\n\n\n\n<p>Lieksa<\/p>\n<\/div>\n<\/div>\n\n\n\n<div class=\"wp-block-columns is-layout-flex wp-container-core-columns-is-layout-28f84493 wp-block-columns-is-layout-flex\">\n<div class=\"wp-block-column is-layout-flow wp-block-column-is-layout-flow\">\n<h3 class=\"wp-block-heading\">Huomio!<\/h3>\n\n\n\n<p>Osaston toimisto on vuoden 2023 alusta alkaen avoinna vain sovittuna ajankohtana.<\/p>\n\n\n\n<p>Kaikkien hallituksen j\u00e4senten puhelinnumerot l\u00f6yd\u00e4t hallitusv\u00e4lilehdelt\u00e4.<\/p>\n\n\n\n<p>J\u00e4senasioita hoitaa:<\/p>\n\n\n\n<p>Jarkko Immonen +358 50 490 5183<\/p>\n\n\n\n<p>int-jarkko.immonen@teollisuusliitto.fi<\/p>\n<\/div>\n<\/div>\n","protected":false},"excerpt":{"rendered":"<p>Yhteystiedot Toimisto Joensuun Seudun Teollisuusty\u00f6ntekij\u00e4t ry Torikatu 7 B 24 80110 Joensuu Puh: 04578200694 M\u00f6kki Loma Koli Satamatie 10 A 2 Lieksa Huomio! Osaston toimisto on vuoden 2023 alusta alkaen avoinna vain sovittuna ajankohtana. Kaikkien hallituksen j\u00e4senten puhelinnumerot l\u00f6yd\u00e4t hallitusv\u00e4lilehdelt\u00e4. J\u00e4senasioita hoitaa: Jarkko Immonen +358 50 490 5183 int-jarkko.immonen@teollisuusliitto.fi<\/p>\n","protected":false},"author":1,"featured_media":0,"parent":0,"menu_order":0,"comment_status":"closed","ping_status":"closed","template":"","meta":{"site-sidebar-layout":"default","site-content-layout":"","ast-site-content-layout":"default","site-content-style":"default","site-sidebar-style":"default","ast-global-header-display":"","ast-banner-title-visibility":"","ast-main-header-display":"","ast-hfb-above-header-display":"","ast-hfb-below-header-display":"","ast-hfb-mobile-header-display":"","site-post-title":"disabled","ast-breadcrumbs-content":"","ast-featured-img":"","footer-sml-layout":"","theme-transparent-header-meta":"","adv-header-id-meta":"","stick-header-meta":"","header-above-stick-meta":"","header-main-stick-meta":"","header-below-stick-meta":"","astra-migrate-meta-layouts":"set","ast-page-background-enabled":"default","ast-page-background-meta":{"desktop":{"background-color":"var(--ast-global-color-4)","background-image":"","background-repeat":"repeat","background-position":"center center","background-size":"auto","background-attachment":"scroll","background-type":"","background-media":"","overlay-type":"","overlay-color":"","overlay-gradient":""},"tablet":{"background-color":"","background-image":"","background-repeat":"repeat","background-position":"center center","background-size":"auto","background-attachment":"scroll","background-type":"","background-media":"","overlay-type":"","overlay-color":"","overlay-gradient":""},"mobile":{"background-color":"","background-image":"","background-repeat":"repeat","background-position":"center center","background-size":"auto","background-attachment":"scroll","background-type":"","background-media":"","overlay-type":"","overlay-color":"","overlay-gradient":""}},"ast-content-background-meta":{"desktop":{"background-color":"var(--ast-global-color-5)","background-image":"","background-repeat":"repeat","background-position":"center center","background-size":"auto","background-attachment":"scroll","background-type":"","background-media":"","overlay-type":"","overlay-color":"","overlay-gradient":""},"tablet":{"background-color":"var(--ast-global-color-5)","background-image":"","background-repeat":"repeat","background-position":"center center","background-size":"auto","background-attachment":"scroll","background-type":"","background-media":"","overlay-type":"","overlay-color":"","overlay-gradient":""},"mobile":{"background-color":"var(--ast-global-color-5)","background-image":"","background-repeat":"repeat","background-position":"center center","background-size":"auto","background-attachment":"scroll","background-type":"","background-media":"","overlay-type":"","overlay-color":"","overlay-gradient":""}},"footnotes":""},"class_list":["post-92","page","type-page","status-publish","hentry"],"_links":{"self":[{"href":"https:\/\/teollisuus59.fi\/index.php?rest_route=\/wp\/v2\/pages\/92","targetHints":{"allow":["GET"]}}],"collection":[{"href":"https:\/\/teollisuus59.fi\/index.php?rest_route=\/wp\/v2\/pages"}],"about":[{"href":"https:\/\/teollisuus59.fi\/index.php?rest_route=\/wp\/v2\/types\/page"}],"author":[{"embeddable":true,"href":"https:\/\/teollisuus59.fi\/index.php?rest_route=\/wp\/v2\/users\/1"}],"replies":[{"embeddable":true,"href":"https:\/\/teollisuus59.fi\/index.php?rest_route=%2Fwp%2Fv2%2Fcomments&post=92"}],"version-history":[{"count":9,"href":"https:\/\/teollisuus59.fi\/index.php?rest_route=\/wp\/v2\/pages\/92\/revisions"}],"predecessor-version":[{"id":683,"href":"https:\/\/teollisuus59.fi\/index.php?rest_route=\/wp\/v2\/pages\/92\/revisions\/683"}],"wp:attachment":[{"href":"https:\/\/teollisuus59.fi\/index.php?rest_route=%2Fwp%2Fv2%2Fmedia&parent=92"}],"curies":[{"name":"wp","href":"https:\/\/api.w.org\/{rel}","templated":true}]}}