{"id":154,"date":"2023-06-30T08:39:07","date_gmt":"2023-06-30T08:39:07","guid":{"rendered":"https:\/\/jhmonityo.fi\/?page_id=154"},"modified":"2025-03-12T16:21:48","modified_gmt":"2025-03-12T16:21:48","slug":"ajankohtaista-2","status":"publish","type":"page","link":"https:\/\/teollisuus59.fi\/?page_id=154","title":{"rendered":"ajankohtaista"},"content":{"rendered":"\n<h1 class=\"wp-block-heading has-text-align-center\" style=\"margin-top:var(--wp--preset--spacing--30);margin-bottom:var(--wp--preset--spacing--30)\">Ajankohtaista<\/h1>\n\n\n\n<div class=\"wp-block-group has-text-color is-layout-constrained wp-block-group-is-layout-constrained\" style=\"border-width:2px;border-radius:10px;color:#19375f\"><ul style=\"color:#19375f; padding-top:var(--wp--preset--spacing--20);padding-bottom:var(--wp--preset--spacing--20);margin-top:var(--wp--preset--spacing--20);margin-bottom:var(--wp--preset--spacing--20);margin-left:var(--wp--preset--spacing--30);margin-right:var(--wp--preset--spacing--30);\" class=\"wp-block-latest-posts__list has-link-color wp-elements-a09ffb558859c9f2dd6aad54af3686ef wp-block-latest-posts has-text-color has-medium-font-size\"><li><a class=\"wp-block-latest-posts__post-title\" href=\"https:\/\/teollisuus59.fi\/?p=731\">KEV\u00c4TKOKOUS 23.4.2026 klo 16:00<\/a><div class=\"wp-block-latest-posts__post-excerpt\">Ammattiosaston kev\u00e4tkokous pidet\u00e4\u00e4n 23.4.2026 klo 16:00 Paikka: Ammattiosaston toimisto Esill\u00e4: S\u00e4\u00e4nt\u00f6jen m\u00e4\u00e4r\u00e4\u00e4m\u00e4t asiat Kokouksen j\u00e4lkeen ruokailu<\/div><\/li>\n<li><a class=\"wp-block-latest-posts__post-title\" href=\"https:\/\/teollisuus59.fi\/?p=706\">JARKKO IMMONEN TOIMII OSASTOMME J\u00c4RJEST\u00c4J\u00c4N\u00c4<\/a><div class=\"wp-block-latest-posts__post-excerpt\">J\u00e4senyyteen ja ty\u00f6paikan edunvalvontaan\/j\u00e4rjest\u00e4ymiseen liittyviss\u00e4 asioissa Ao. J\u00e4rjest\u00e4mistoimitsija: Jarkko immonen 04578200694 int-jarkko.immonen@teollisuusliitto.fi<\/div><\/li>\n<li><a class=\"wp-block-latest-posts__post-title\" href=\"https:\/\/teollisuus59.fi\/?p=620\">LASKETTELUA KOLILLA JA MUSTAVAARALLA\u00a0<\/a><div class=\"wp-block-latest-posts__post-excerpt\">Ammattiosaston j\u00e4senten on mahdollisuus lasketella Mustavaaralla ja Kolilla&nbsp; 3 tuntia \/per. viikko esitt\u00e4m\u00e4ll\u00e4 Teollisuusliiton voimassa olevan j\u00e4senyyden.&nbsp; Esit\u00e4 muovinen tai &hellip;<p class=\"read-more\"> <a class=\"\" href=\"https:\/\/teollisuus59.fi\/?p=620\"> <span class=\"screen-reader-text\">LASKETTELUA KOLILLA JA MUSTAVAARALLA\u00a0<\/span> Lue lis\u00e4\u00e4 &raquo;<\/a><\/p><\/div><\/li>\n<li><a class=\"wp-block-latest-posts__post-title\" href=\"https:\/\/teollisuus59.fi\/?p=529\">KOLINM\u00d6KIN AVAIMEN NOUTOPAIKKA ON SIIRTYNYT SALE KOLIIN.<\/a><div class=\"wp-block-latest-posts__post-excerpt\">Nouda ja palauta avain Kolin Saleen Kolintie 94, 83960 Koli https:\/\/www.s-kaupat.fi\/myymala\/sale-koli\/501855324<\/div><\/li>\n<li><a class=\"wp-block-latest-posts__post-title\" href=\"https:\/\/teollisuus59.fi\/?p=97\">AMMATTIOSASTON J\u00c4SENEDUT<\/a><div class=\"wp-block-latest-posts__post-excerpt\">AMMATTIOSASTON J\u00c4SENEDUT Pohjois-Karjalalehden tilaus Tilaa t\u00e4\u00e4lt\u00e4 lehti. Digilehti on sinulle maksuton. https:\/\/www.viikkopk.fi\/eneo?tem=order&amp;print_paper_id=1&amp;epaper_id=2&amp;mobile=0 Heinosen leipomo Teollisuusliiton J\u00e4senkortilla 10 % alennus leipomon &hellip;<p class=\"read-more\"> <a class=\"\" href=\"https:\/\/teollisuus59.fi\/?p=97\"> <span class=\"screen-reader-text\">AMMATTIOSASTON J\u00c4SENEDUT<\/span> Lue lis\u00e4\u00e4 &raquo;<\/a><\/p><\/div><\/li>\n<\/ul><\/div>\n\n\n\n<div class=\"wp-block-file\"><a id=\"wp-block-file--media-392c0926-6b50-4636-b551-9da4ae748a3b\" href=\"https:\/\/teollisuus59.fi\/wp-content\/uploads\/2023\/11\/Koli-2023.docx\">Koli-2023<\/a><a href=\"https:\/\/teollisuus59.fi\/wp-content\/uploads\/2023\/11\/Koli-2023.docx\" class=\"wp-block-file__button wp-element-button\" download aria-describedby=\"wp-block-file--media-392c0926-6b50-4636-b551-9da4ae748a3b\">Lataa<\/a><\/div>\n\n\n\n<p><\/p>\n","protected":false},"excerpt":{"rendered":"<p>Ajankohtaista<\/p>\n","protected":false},"author":1,"featured_media":0,"parent":0,"menu_order":0,"comment_status":"closed","ping_status":"closed","template":"","meta":{"site-sidebar-layout":"default","site-content-layout":"","ast-site-content-layout":"","site-content-style":"default","site-sidebar-style":"default","ast-global-header-display":"","ast-banner-title-visibility":"","ast-main-header-display":"","ast-hfb-above-header-display":"","ast-hfb-below-header-display":"","ast-hfb-mobile-header-display":"","site-post-title":"disabled","ast-breadcrumbs-content":"","ast-featured-img":"","footer-sml-layout":"","theme-transparent-header-meta":"","adv-header-id-meta":"","stick-header-meta":"","header-above-stick-meta":"","header-main-stick-meta":"","header-below-stick-meta":"","astra-migrate-meta-layouts":"","ast-page-background-enabled":"default","ast-page-background-meta":{"desktop":{"background-color":"var(--ast-global-color-4)","background-image":"","background-repeat":"repeat","background-position":"center center","background-size":"auto","background-attachment":"scroll","background-type":"","background-media":"","overlay-type":"","overlay-color":"","overlay-gradient":""},"tablet":{"background-color":"","background-image":"","background-repeat":"repeat","background-position":"center center","background-size":"auto","background-attachment":"scroll","background-type":"","background-media":"","overlay-type":"","overlay-color":"","overlay-gradient":""},"mobile":{"background-color":"","background-image":"","background-repeat":"repeat","background-position":"center center","background-size":"auto","background-attachment":"scroll","background-type":"","background-media":"","overlay-type":"","overlay-color":"","overlay-gradient":""}},"ast-content-background-meta":{"desktop":{"background-color":"var(--ast-global-color-5)","background-image":"","background-repeat":"repeat","background-position":"center center","background-size":"auto","background-attachment":"scroll","background-type":"","background-media":"","overlay-type":"","overlay-color":"","overlay-gradient":""},"tablet":{"background-color":"var(--ast-global-color-5)","background-image":"","background-repeat":"repeat","background-position":"center center","background-size":"auto","background-attachment":"scroll","background-type":"","background-media":"","overlay-type":"","overlay-color":"","overlay-gradient":""},"mobile":{"background-color":"var(--ast-global-color-5)","background-image":"","background-repeat":"repeat","background-position":"center center","background-size":"auto","background-attachment":"scroll","background-type":"","background-media":"","overlay-type":"","overlay-color":"","overlay-gradient":""}},"footnotes":""},"class_list":["post-154","page","type-page","status-publish","hentry"],"_links":{"self":[{"href":"https:\/\/teollisuus59.fi\/index.php?rest_route=\/wp\/v2\/pages\/154","targetHints":{"allow":["GET"]}}],"collection":[{"href":"https:\/\/teollisuus59.fi\/index.php?rest_route=\/wp\/v2\/pages"}],"about":[{"href":"https:\/\/teollisuus59.fi\/index.php?rest_route=\/wp\/v2\/types\/page"}],"author":[{"embeddable":true,"href":"https:\/\/teollisuus59.fi\/index.php?rest_route=\/wp\/v2\/users\/1"}],"replies":[{"embeddable":true,"href":"https:\/\/teollisuus59.fi\/index.php?rest_route=%2Fwp%2Fv2%2Fcomments&post=154"}],"version-history":[{"count":13,"href":"https:\/\/teollisuus59.fi\/index.php?rest_route=\/wp\/v2\/pages\/154\/revisions"}],"predecessor-version":[{"id":643,"href":"https:\/\/teollisuus59.fi\/index.php?rest_route=\/wp\/v2\/pages\/154\/revisions\/643"}],"wp:attachment":[{"href":"https:\/\/teollisuus59.fi\/index.php?rest_route=%2Fwp%2Fv2%2Fmedia&parent=154"}],"curies":[{"name":"wp","href":"https:\/\/api.w.org\/{rel}","templated":true}]}}